{"id":701,"date":"2022-12-19T00:36:44","date_gmt":"2022-12-18T22:36:44","guid":{"rendered":"https:\/\/efesmoldova.md\/?page_id=701"},"modified":"2026-02-06T16:30:53","modified_gmt":"2026-02-06T14:30:53","slug":"internship","status":"publish","type":"page","link":"https:\/\/efesmoldova.md\/en\/internship\/","title":{"rendered":"Internship"},"content":{"rendered":"\t\t<div data-elementor-type=\"wp-page\" data-elementor-id=\"701\" class=\"elementor elementor-701\">\n\t\t\t\t\t\t<section class=\"has_eae_slider has_ae_slider elementor-section elementor-top-section elementor-element elementor-element-92f4d0e elementor-section-full_width elementor-section-height-default elementor-section-height-default ae-bg-gallery-type-default\" data-eae-slider=\"41529\" data-id=\"92f4d0e\" data-element_type=\"section\" data-e-type=\"section\" data-settings=\"{&quot;jet_parallax_layout_list&quot;:[]}\">\n\t\t\t\t\t\t<div class=\"elementor-container elementor-column-gap-default\">\n\t\t\t\t\t<div class=\"has_eae_slider has_ae_slider elementor-column elementor-col-50 elementor-top-column elementor-element elementor-element-21e16ec ae-bg-gallery-type-default\" data-eae-slider=\"11759\" data-id=\"21e16ec\" data-element_type=\"column\" data-e-type=\"column\">\n\t\t\t<div class=\"elementor-widget-wrap elementor-element-populated\">\n\t\t\t\t\t\t<div class=\"elementor-element elementor-element-1369e74 sticky_elem top_padding elementor-widget elementor-widget-text-editor\" data-id=\"1369e74\" data-element_type=\"widget\" data-e-type=\"widget\" data-widget_type=\"text-editor.default\">\n\t\t\t\t<div class=\"elementor-widget-container\">\n\t\t\t\t\t\t\t\t\t<p>Internship<\/p>\t\t\t\t\t\t\t\t<\/div>\n\t\t\t\t<\/div>\n\t\t\t\t\t<\/div>\n\t\t<\/div>\n\t\t\t\t<div class=\"has_eae_slider has_ae_slider elementor-column elementor-col-50 elementor-top-column elementor-element elementor-element-7f004c9 ae-bg-gallery-type-default\" data-eae-slider=\"45238\" data-id=\"7f004c9\" data-element_type=\"column\" data-e-type=\"column\">\n\t\t\t<div class=\"elementor-widget-wrap elementor-element-populated\">\n\t\t\t\t\t\t<div class=\"elementor-element elementor-element-1e9974e elementor-widget elementor-widget-heading\" data-id=\"1e9974e\" data-element_type=\"widget\" data-e-type=\"widget\" data-widget_type=\"heading.default\">\n\t\t\t\t<div class=\"elementor-widget-container\">\n\t\t\t\t\t<h2 class=\"elementor-heading-title elementor-size-default\">Despre tineri, pentru tineri.\n<\/h2>\t\t\t\t<\/div>\n\t\t\t\t<\/div>\n\t\t\t\t<div class=\"elementor-element elementor-element-a24fe4d elementor-widget elementor-widget-text-editor\" data-id=\"a24fe4d\" data-element_type=\"widget\" data-e-type=\"widget\" data-widget_type=\"text-editor.default\">\n\t\t\t\t<div class=\"elementor-widget-container\">\n\t\t\t\t\t\t\t\t\t<p><\/p><p>\u00cen cadrul Efes Moldova avem dou\u0103 programe de dezvoltare a tinerilor studen\u021bi care \u00ee\u0219i pot petrece stagiul de intership \u00een unul dintre departamentele companiei.<\/p><p> <\/p><p>Programul de internship <strong>Project Future<\/strong>, care ofer\u0103 oportunitatea studen\u021bilor din Republica Moldova de a lucra, timp de 4 luni, \u00een compania noastr\u0103. Tineri, capabili, ambi\u021bio\u0219i \u0219i creativi sunt repartiza\u021bi \u00een domenii diferite, \u00een func\u021bie de specialitatea studiat\u0103 la universitate. Astfel, studen\u021bii activeaz\u0103 \u00een departamentele de Resurse Umane, V\u00e2nz\u0103ri, Marketing, Financiar, Logistic\u0103 \u0219i Aprovizionare, IDS, CORA \u0219i Tehnic.<\/p><p> <\/p><p><strong>Remunerare din partea companiei, experien\u021b\u0103, cuno\u0219tin\u021be<\/strong>. Oportunitate ca nici una alta, tinerii studen\u021bi au posibilitatea de a-\u0219i pune \u00een practic\u0103 cuno\u0219tin\u021bele ob\u021binute pe b\u0103ncile facult\u0103\u021bii. \u00cen cadrul proiectului am \u00eencadrat tinerii colegi \u00een dezvoltarea proiectului intern <a style=\"text-decoration: revert;\" href=\"https:\/\/www.facebook.com\/hashtag\/employeerbranding?__eep__=6&amp;__cft__%5B0%5D=AZWakBR-pzBCg77DGXmFi-V-DknaVeCzjfU0itIk0MgRbKbNKIopKrKCshN-mhSsu8o_j7AISZH40GAX77ui-ebKfglwhf8k3PdrntgD6xJRk7bc5KPn4VBdRnHr06TW_Q8&amp;__tn__=*NK-R\">Employeer Branding<\/a>, \u00een urma c\u0103ruia au fost \u0219i premia\u021bi. Tinerii au profitat de posibilitatea de a avea parte de un schimb de cuno\u0219tin\u021be \u0219i experien\u021be cu cei mai buni speciali\u0219ti din Moldova \u0219i, \u00eentr-un final, de a ob\u021bine calificativul de ,,poten\u021bial angajat\u2019\u2019.<\/p><p> <\/p><p><strong>Educa\u021bie de calitate. <\/strong>Am ob\u021binut \u00eencadrarea tinerilor \u00een c\u00e2mpul muncii, am oferit practic\u0103 semnificativ\u0103 \u0219i am remunerat studen\u021bii cu abilit\u0103\u021bi \u0219i capacit\u0103\u021bi de g\u00e2ndire critic\u0103 \u0219i analitic\u0103. Ne propunem s\u0103 asigur\u0103m perpetuarea proiectului anual, s\u0103 dezvolt\u0103m zilnic creativitatea \u0219i spiritul de echip\u0103 \u0219i s\u0103 valorific\u0103m cuno\u0219tin\u021bele studen\u021bilor. Noi sus\u021binem performan\u021ba \u0219i excelen\u021ba tinerilor prin instruire \u0219i calitate.<\/p><p> <\/p><p>\u00cen anul 2022 am lansat un proiect pilot pentru studen\u021bi <strong>Proiectul Dual Education<\/strong>, pune un accent semnificativ pe formarea compe\u021bentelor practice \u00een mediul real de munc\u0103.<\/p><p> <\/p><p>Prin intermediul proiectului respectiv studen\u021bii pe care i-am implicat \u00een activitatea departamentelor au posibilitatea de a oferi oportunit\u0103\u021bi de valorificare a competen\u021belor teoretice \u00een sectorul real \u0219i sunt remunera\u021bi cu o burs\u0103 lunar\u0103 pentru activitatea desf\u0103\u0219urat\u0103.<\/p><p> <\/p><p>Studen\u021bii implica\u021bi \u00een Proiect fac parte din programul de formare la ciclul I de licen\u021b\u0103. Aceast\u0103 form\u0103 de preg\u0103tire nu este una simpl\u0103 \u0219i necesit\u0103 eforturi semnificative din partea tuturor actorilor implica\u021bi: Institu\u021bia de \u00eenv\u0103\u021b\u0103m\u00e2nt, Companie \u0219i Student. Deoarece studen\u021bii pe perioada studiilor de licen\u021b\u0103 vor fi prezen\u021bi \u00een propor\u021bie de 50% la orele teoretice \u00een Institu\u021bia de \u00cenv\u0103\u021b\u0103m\u00e2nt \u0219i 50% \u00een activit\u0103\u021bile practice \u00een cadrul companiei. Dar suntem ferm convin\u0219i c\u0103 aceste eforturi se vor materializa ulterior \u00een mai multe beneficii pentru toate p\u0103r\u021bile interesate.<\/p><p> <\/p><p>Proiectul Dual Education, este unul de lung\u0103 durat\u0103 \u0219i presupune colaborarea cu studen\u021bii selecta\u021bi pe perioada ciclului de studiu \u2013 3 ani licen\u021b\u0103. Acesta este o provocare care ofer\u0103 roade nu doar pentru studen\u021bi dar \u0219i pentru angaja\u021bii companiei Efes Moldova.<\/p><p><\/p>\t\t\t\t\t\t\t\t<\/div>\n\t\t\t\t<\/div>\n\t\t\t\t<div class=\"elementor-element elementor-element-ab1417b elementor-hidden-desktop elementor-hidden-tablet elementor-hidden-mobile elementor-widget elementor-widget-text-editor\" data-id=\"ab1417b\" data-element_type=\"widget\" data-e-type=\"widget\" data-widget_type=\"text-editor.default\">\n\t\t\t\t<div class=\"elementor-widget-container\">\n\t\t\t\t\t\t\t\t\t<p><a class=\"link_animated\" tabindex=\"0\" href=\"https:\/\/berechisinau.md\/turul-berii\/\"> VREAU LA EXCURSIE <img decoding=\"async\" src=\"https:\/\/efesmoldova.md\/wp-content\/themes\/efes\/img\/line1.svg\" alt=\"line to right\" \/> <\/a><\/p>\t\t\t\t\t\t\t\t<\/div>\n\t\t\t\t<\/div>\n\t\t\t\t\t<\/div>\n\t\t<\/div>\n\t\t\t\t\t<\/div>\n\t\t<\/section>\n\t\t\t\t<section class=\"has_eae_slider has_ae_slider elementor-section elementor-top-section elementor-element elementor-element-fdf82db elementor-section-full_width elementor-section-height-default elementor-section-height-default ae-bg-gallery-type-default\" data-eae-slider=\"57807\" data-id=\"fdf82db\" data-element_type=\"section\" data-e-type=\"section\" data-settings=\"{&quot;jet_parallax_layout_list&quot;:[]}\">\n\t\t\t\t\t\t<div class=\"elementor-container elementor-column-gap-default\">\n\t\t\t\t\t<div class=\"has_eae_slider has_ae_slider elementor-column elementor-col-100 elementor-top-column elementor-element elementor-element-13a39e9 ae-bg-gallery-type-default\" data-eae-slider=\"19581\" data-id=\"13a39e9\" data-element_type=\"column\" data-e-type=\"column\">\n\t\t\t<div class=\"elementor-widget-wrap elementor-element-populated\">\n\t\t\t\t\t\t<div class=\"elementor-element elementor-element-898cbec elementor-widget elementor-widget-shortcode\" data-id=\"898cbec\" data-element_type=\"widget\" data-e-type=\"widget\" data-widget_type=\"shortcode.default\">\n\t\t\t\t<div class=\"elementor-widget-container\">\n\t\t\t\t\t\t\t<div class=\"elementor-shortcode\"><\/div>\n\t\t\t\t\t\t<\/div>\n\t\t\t\t<\/div>\n\t\t\t\t\t<\/div>\n\t\t<\/div>\n\t\t\t\t\t<\/div>\n\t\t<\/section>\n\t\t<div class=\"has_eae_slider elementor-element elementor-element-4c78a74 e-flex e-con-boxed e-con e-parent\" data-eae-slider=\"43473\" data-id=\"4c78a74\" data-element_type=\"container\" data-e-type=\"container\">\n\t\t\t\t\t<div class=\"e-con-inner\">\n\t\t\t\t<div class=\"elementor-element elementor-element-28628c6 elementor-widget elementor-widget-heading\" data-id=\"28628c6\" data-element_type=\"widget\" data-e-type=\"widget\" data-widget_type=\"heading.default\">\n\t\t\t\t<div class=\"elementor-widget-container\">\n\t\t\t\t\t<h2 class=\"elementor-heading-title elementor-size-default\">Valorific\u0103m la maxim cuno\u0219tin\u021bele \u0219i abilit\u0103\u021bile tale. S\u0103 lucr\u0103m \u00eempreun\u0103 pentru succes!<\/h2>\t\t\t\t<\/div>\n\t\t\t\t<\/div>\n\t\t\t\t\t<\/div>\n\t\t\t\t<\/div>\n\t\t<div class=\"has_eae_slider elementor-element elementor-element-13f1655 e-flex e-con-boxed e-con e-parent\" data-eae-slider=\"33474\" data-id=\"13f1655\" data-element_type=\"container\" data-e-type=\"container\">\n\t\t\t\t\t<div class=\"e-con-inner\">\n\t\t<div class=\"has_eae_slider elementor-element elementor-element-abd8c8e e-flex e-con-boxed e-con e-child\" data-eae-slider=\"46745\" data-id=\"abd8c8e\" data-element_type=\"container\" data-e-type=\"container\">\n\t\t\t\t\t<div class=\"e-con-inner\">\n\t\t\t\t<div class=\"elementor-element elementor-element-2d76bd6 elementor-widget elementor-widget-shortcode\" data-id=\"2d76bd6\" data-element_type=\"widget\" data-e-type=\"widget\" data-widget_type=\"shortcode.default\">\n\t\t\t\t<div class=\"elementor-widget-container\">\n\t\t\t\t\t\t\t<div class=\"elementor-shortcode\">\n<div class=\"wpcf7 no-js\" id=\"wpcf7-f3918-o1\" lang=\"en-US\" dir=\"ltr\" data-wpcf7-id=\"3918\">\n<div class=\"screen-reader-response\"><p role=\"status\" aria-live=\"polite\" aria-atomic=\"true\"><\/p> <ul><\/ul><\/div>\n<form action=\"\/en\/wp-json\/wp\/v2\/pages\/701#wpcf7-f3918-o1\" method=\"post\" class=\"wpcf7-form init\" aria-label=\"Contact form\" novalidate=\"novalidate\" data-status=\"init\">\n<fieldset class=\"hidden-fields-container\"><input type=\"hidden\" name=\"_wpcf7\" value=\"3918\" \/><input type=\"hidden\" name=\"_wpcf7_version\" value=\"6.1.5\" \/><input type=\"hidden\" name=\"_wpcf7_locale\" value=\"en_US\" \/><input type=\"hidden\" name=\"_wpcf7_unit_tag\" value=\"wpcf7-f3918-o1\" \/><input type=\"hidden\" name=\"_wpcf7_container_post\" value=\"0\" \/><input type=\"hidden\" name=\"_wpcf7_posted_data_hash\" value=\"\" \/><input type=\"hidden\" name=\"_wpcf7_recaptcha_response\" value=\"\" \/>\n<\/fieldset>\n<div class=\"row\">\n\t<div class=\"col-6\">\n\t\t<p><span class=\"wpcf7-form-control-wrap\" data-name=\"your-name\"><input size=\"40\" maxlength=\"400\" class=\"wpcf7-form-control wpcf7-text wpcf7-validates-as-required\" aria-required=\"true\" aria-invalid=\"false\" placeholder=\"NUME PRENUME\" value=\"\" type=\"text\" name=\"your-name\" \/><\/span>\n\t\t<\/p>\n\t<\/div>\n\t<div class=\"col-6\">\n\t\t<p><span class=\"wpcf7-form-control-wrap\" data-name=\"your-email\"><input size=\"40\" maxlength=\"400\" class=\"wpcf7-form-control wpcf7-email wpcf7-text wpcf7-validates-as-email\" aria-invalid=\"false\" placeholder=\"EMAIL\" value=\"\" type=\"email\" name=\"your-email\" \/><\/span>\n\t\t<\/p>\n\t<\/div>\n\t<div class=\"col-6\">\n\t\t<p><span class=\"wpcf7-form-control-wrap\" data-name=\"your-tel\"><input size=\"40\" maxlength=\"400\" class=\"wpcf7-form-control wpcf7-tel wpcf7-validates-as-required wpcf7-text wpcf7-validates-as-tel\" aria-required=\"true\" aria-invalid=\"false\" placeholder=\"TELEFON\" value=\"\" type=\"tel\" name=\"your-tel\" \/><\/span>\n\t\t<\/p>\n\t<\/div>\n\t<div class=\"col-6\">\n\t\t<p><span class=\"wpcf7-form-control-wrap\" data-name=\"your-subject\"><input size=\"40\" maxlength=\"400\" class=\"wpcf7-form-control wpcf7-text wpcf7-validates-as-required\" aria-required=\"true\" aria-invalid=\"false\" placeholder=\"SUBIECT\" value=\"\" type=\"text\" name=\"your-subject\" \/><\/span>\n\t\t<\/p>\n\t<\/div>\n\t<div class=\"col-12\">\n\t\t<p><span class=\"wpcf7-form-control-wrap\" data-name=\"your-message\"><textarea cols=\"40\" rows=\"10\" maxlength=\"2000\" class=\"wpcf7-form-control wpcf7-textarea\" aria-invalid=\"false\" placeholder=\"MESAJ\" name=\"your-message\"><\/textarea><\/span>\n\t\t<\/p>\n\t<\/div>\n\t<div class=\"col-6\">\n\t\t<p><span class=\"wpcf7-form-control-wrap\" data-name=\"upload-file\"><input size=\"40\" class=\"wpcf7-form-control wpcf7-drag-n-drop-file d-none\" aria-required=\"true\" aria-invalid=\"false\" type=\"file\" multiple=\"multiple\" data-name=\"upload-file\" data-type=\"jpeg|jpg|pdf|png|docx|doc\" data-min=\"1\" data-max=\"5\" data-id=\"3918\" data-version=\"free version 1.3.9.7\" accept=\".jpeg, .jpg, .pdf, .png, .docx, .doc\" \/><\/span>\n\t\t<\/p>\n\t<\/div>\n\t<div class=\"col-12\">\n\t\t<p>[honeypot Caontact-cariere timecheck_enabled:true]\n\t\t<\/p><!--add the following instead of <input class=\"wpcf7-form-control wpcf7-submit has-spinner\" type=\"submit\" value=\"Send\" \/> in Contact Form 7-->\n\t\t<p><button type=\"submit\" class=\"wpcf7-submit link_animated\">Trimite <img decoding=\"async\" src=\"\/wp-content\/themes\/efes\/img\/line1.svg\" alt=\"vector\" \/><\/button><br \/>\n<img decoding=\"async\" class=\"ajax-loader\" src=\"\/wp-content\/plugins\/contact-form-7\/images\/ajax-loader.gif\" alt=\"Sending ...\" style=\"visibility: hidden; opacity: 1;\" \/>\n\t\t<\/p>\n\t<\/div>\n<\/div><input type='hidden' class='wpcf7-pum' value='{\"closepopup\":false,\"closedelay\":0,\"openpopup\":false,\"openpopup_id\":0}' \/><div class=\"wpcf7-response-output\" aria-hidden=\"true\"><\/div>\n<\/form>\n<\/div>\n<\/div>\n\t\t\t\t\t\t<\/div>\n\t\t\t\t<\/div>\n\t\t\t\t\t<\/div>\n\t\t\t\t<\/div>\n\t\t\t\t\t<\/div>\n\t\t\t\t<\/div>\n\t\t<div class=\"has_eae_slider elementor-element elementor-element-c9b13ed e-flex e-con-boxed e-con e-parent\" data-eae-slider=\"47130\" data-id=\"c9b13ed\" data-element_type=\"container\" data-e-type=\"container\">\n\t\t\t\t\t<div class=\"e-con-inner\">\n\t\t<div class=\"has_eae_slider elementor-element elementor-element-adae53c e-flex e-con-boxed e-con e-child\" data-eae-slider=\"6980\" data-id=\"adae53c\" data-element_type=\"container\" data-e-type=\"container\">\n\t\t\t\t\t<div class=\"e-con-inner\">\n\t\t\t\t\t<\/div>\n\t\t\t\t<\/div>\n\t\t\t\t\t<\/div>\n\t\t\t\t<\/div>\n\t\t\t\t<\/div>\n\t\t","protected":false},"excerpt":{"rendered":"<p>Internship Despre tineri, pentru tineri. \u00cen cadrul Efes Moldova avem dou\u0103 programe de dezvoltare a tinerilor studen\u021bi care \u00ee\u0219i pot petrece stagiul de intership \u00een unul dintre departamentele companiei. Programul de internship Project Future, care ofer\u0103 oportunitatea studen\u021bilor din Republica Moldova de a lucra, timp de 4 luni, \u00een compania noastr\u0103. Tineri, capabili, ambi\u021bio\u0219i \u0219i [&hellip;]<\/p>\n","protected":false},"author":1,"featured_media":0,"parent":0,"menu_order":0,"comment_status":"closed","ping_status":"closed","template":"vin-o-la-turul-berii.php","meta":{"om_disable_all_campaigns":false,"_monsterinsights_skip_tracking":false,"_monsterinsights_sitenote_active":false,"_monsterinsights_sitenote_note":"","_monsterinsights_sitenote_category":0,"footnotes":""},"class_list":["post-701","page","type-page","status-publish","hentry"],"acf":[],"aioseo_notices":[],"_links":{"self":[{"href":"https:\/\/efesmoldova.md\/en\/wp-json\/wp\/v2\/pages\/701","targetHints":{"allow":["GET"]}}],"collection":[{"href":"https:\/\/efesmoldova.md\/en\/wp-json\/wp\/v2\/pages"}],"about":[{"href":"https:\/\/efesmoldova.md\/en\/wp-json\/wp\/v2\/types\/page"}],"author":[{"embeddable":true,"href":"https:\/\/efesmoldova.md\/en\/wp-json\/wp\/v2\/users\/1"}],"replies":[{"embeddable":true,"href":"https:\/\/efesmoldova.md\/en\/wp-json\/wp\/v2\/comments?post=701"}],"version-history":[{"count":0,"href":"https:\/\/efesmoldova.md\/en\/wp-json\/wp\/v2\/pages\/701\/revisions"}],"wp:attachment":[{"href":"https:\/\/efesmoldova.md\/en\/wp-json\/wp\/v2\/media?parent=701"}],"curies":[{"name":"wp","href":"https:\/\/api.w.org\/{rel}","templated":true}]}}