{"id":19,"date":"2022-06-16T16:10:26","date_gmt":"2022-06-16T16:10:26","guid":{"rendered":"https:\/\/efesmoldova.md\/?page_id=19"},"modified":"2024-04-08T15:49:10","modified_gmt":"2024-04-08T13:49:10","slug":"vin-o-la-turul-berii","status":"publish","type":"page","link":"https:\/\/efesmoldova.md\/en\/vin-o-la-turul-berii\/","title":{"rendered":"Let's go on a beer tour!"},"content":{"rendered":"<div data-elementor-type=\"wp-page\" data-elementor-id=\"19\" class=\"elementor elementor-19\">\n\t\t\t\t\t\t\t\t\t<section class=\"has_eae_slider has_ae_slider elementor-section elementor-top-section elementor-element elementor-element-6d8ec70 elementor-section-full_width elementor-section-height-default elementor-section-height-default ae-bg-gallery-type-default\" data-id=\"6d8ec70\" data-element_type=\"section\" data-settings=\"{&quot;jet_parallax_layout_list&quot;:[]}\">\n\t\t\t\t\t\t<div class=\"elementor-container elementor-column-gap-default\">\n\t\t\t\t\t<div class=\"has_eae_slider has_ae_slider elementor-column elementor-col-50 elementor-top-column elementor-element elementor-element-fa595e9 ae-bg-gallery-type-default\" data-id=\"fa595e9\" data-element_type=\"column\">\n\t\t\t<div class=\"elementor-widget-wrap elementor-element-populated\">\n\t\t\t\t\t\t\t\t<div class=\"elementor-element elementor-element-5b31e59 sticky_elem top_padding elementor-widget elementor-widget-text-editor\" data-id=\"5b31e59\" data-element_type=\"widget\" data-widget_type=\"text-editor.default\">\n\t\t\t\t<div class=\"elementor-widget-container\">\n\t\t\t<style>\/*! elementor - v3.6.6 - 08-06-2022 *\/\n.elementor-widget-text-editor.elementor-drop-cap-view-stacked .elementor-drop-cap{background-color:#818a91;color:#fff}.elementor-widget-text-editor.elementor-drop-cap-view-framed .elementor-drop-cap{color:#818a91;border:3px solid;background-color:transparent}.elementor-widget-text-editor:not(.elementor-drop-cap-view-default) .elementor-drop-cap{margin-top:8px}.elementor-widget-text-editor:not(.elementor-drop-cap-view-default) .elementor-drop-cap-letter{width:1em;height:1em}.elementor-widget-text-editor .elementor-drop-cap{float:left;text-align:center;line-height:1;font-size:50px}.elementor-widget-text-editor .elementor-drop-cap-letter{display:inline-block}<\/style>\t\t\t\t\t\t\t\t\t\t<\/div>\n\t\t\t\t<\/div>\n\t\t\t\t\t<\/div>\n\t\t<\/div>\n\t\t\t\t<div class=\"has_eae_slider has_ae_slider elementor-column elementor-col-50 elementor-top-column elementor-element elementor-element-ee2ab69 ae-bg-gallery-type-default\" data-id=\"ee2ab69\" data-element_type=\"column\">\n\t\t\t<div class=\"elementor-widget-wrap elementor-element-populated\">\n\t\t\t\t\t\t\t\t<div class=\"elementor-element elementor-element-5f5459d mobxtitle elementor-widget elementor-widget-heading\" data-id=\"5f5459d\" data-element_type=\"widget\" data-widget_type=\"heading.default\">\n\t\t\t\t<div class=\"elementor-widget-container\">\n\t\t\t<style>\/*! elementor - v3.6.6 - 08-06-2022 *\/\n.elementor-heading-title{padding:0;margin:0;line-height:1}.elementor-widget-heading .elementor-heading-title[class*=elementor-size-]>a{color:inherit;font-size:inherit;line-height:inherit}.elementor-widget-heading .elementor-heading-title.elementor-size-small{font-size:15px}.elementor-widget-heading .elementor-heading-title.elementor-size-medium{font-size:19px}.elementor-widget-heading .elementor-heading-title.elementor-size-large{font-size:29px}.elementor-widget-heading .elementor-heading-title.elementor-size-xl{font-size:39px}.elementor-widget-heading .elementor-heading-title.elementor-size-xxl{font-size:59px}<\/style><h2 class=\"elementor-heading-title elementor-size-default\">Let's get to know each other better.<br\/> See you at the \"Beer Tour\"!<\/h2>\t\t<\/div>\n\t\t\t\t<\/div>\n\t\t\t\t<div class=\"elementor-element elementor-element-7f2ea78 elementor-widget elementor-widget-image\" data-id=\"7f2ea78\" data-element_type=\"widget\" data-widget_type=\"image.default\">\n\t\t\t\t<div class=\"elementor-widget-container\">\n\t\t\t<style>\/*! elementor - v3.6.6 - 08-06-2022 *\/\n.elementor-widget-image{text-align:center}.elementor-widget-image a{display:inline-block}.elementor-widget-image a img[src$=\".svg\"]{width:48px}.elementor-widget-image img{vertical-align:middle;display:inline-block}<\/style>\t\t\t\t\t\t\t\t\t\t\t\t<img decoding=\"async\" width=\"1200\" height=\"675\" src=\"https:\/\/efesmoldova.md\/wp-content\/uploads\/2024\/02\/1Bottle3D_16k9.jpg\" class=\"attachment-full size-full\" alt=\"\" loading=\"lazy\" srcset=\"https:\/\/efesmoldova.md\/wp-content\/uploads\/2024\/02\/1Bottle3D_16k9.jpg 1200w, https:\/\/efesmoldova.md\/wp-content\/uploads\/2024\/02\/1Bottle3D_16k9-300x169.jpg 300w, https:\/\/efesmoldova.md\/wp-content\/uploads\/2024\/02\/1Bottle3D_16k9-1024x576.jpg 1024w, https:\/\/efesmoldova.md\/wp-content\/uploads\/2024\/02\/1Bottle3D_16k9-768x432.jpg 768w, https:\/\/efesmoldova.md\/wp-content\/uploads\/2024\/02\/1Bottle3D_16k9-18x10.jpg 18w\" sizes=\"(max-width: 1200px) 100vw, 1200px\" \/>\t\t\t\t\t\t\t\t\t\t\t\t\t\t\t<\/div>\n\t\t\t\t<\/div>\n\t\t\t\t<div class=\"elementor-element elementor-element-413084c not_title2 elementor-widget elementor-widget-heading\" data-id=\"413084c\" data-element_type=\"widget\" data-widget_type=\"heading.default\">\n\t\t\t\t<div class=\"elementor-widget-container\">\n\t\t\t<p class=\"elementor-heading-title elementor-size-default translation-block\">If you want to learn more about the first brewery in Chisinau, discover how beer is made and participate in a unique tasting, come to the Chisinau Beer Tour!\n\n<br>\nWhat awaits you on the Chisinau Beer Tour?\n<br>\nYou will get to know the history of beer and our factory<br>\nYou will visit the production and bottling sections<br>\nYou will taste 4 special beers from the EFES Moldova portfolio\n<br>\nYou will taste Chisinau unfiltered beer, directly from the fermentation tank<\/p>\t\t<\/div>\n\t\t\t\t<\/div>\n\t\t\t\t<div class=\"elementor-element elementor-element-4362126 elementor-widget elementor-widget-text-editor\" data-id=\"4362126\" data-element_type=\"widget\" data-widget_type=\"text-editor.default\">\n\t\t\t\t<div class=\"elementor-widget-container\">\n\t\t\t\t\t\t\t<a class=\"link_animated\" tabindex=\"0\" href=\"https:\/\/berechisinau.md\/turul-berii\">\nI WANT TO TOUR <img decoding=\"async\" src=\"https:\/\/efesmoldova.md\/wp-content\/themes\/efes\/img\/line1.svg\" alt=\"line to right\" \/>\n<\/a>\t\t\t\t\t\t<\/div>\n\t\t\t\t<\/div>\n\t\t\t\t\t<\/div>\n\t\t<\/div>\n\t\t\t\t\t\t\t<\/div>\n\t\t<\/section>\n\t\t\t\t<section class=\"has_eae_slider has_ae_slider elementor-section elementor-top-section elementor-element elementor-element-d6112a7 elementor-section-full_width elementor-section-height-default elementor-section-height-default ae-bg-gallery-type-default\" data-id=\"d6112a7\" data-element_type=\"section\" data-settings=\"{&quot;jet_parallax_layout_list&quot;:[]}\">\n\t\t\t\t\t\t<div class=\"elementor-container elementor-column-gap-default\">\n\t\t\t\t\t<div class=\"has_eae_slider has_ae_slider elementor-column elementor-col-100 elementor-top-column elementor-element elementor-element-ddd00a5 ae-bg-gallery-type-default\" data-id=\"ddd00a5\" data-element_type=\"column\">\n\t\t\t<div class=\"elementor-widget-wrap elementor-element-populated\">\n\t\t\t\t\t\t\t\t<div class=\"elementor-element elementor-element-703992f elementor-widget elementor-widget-shortcode\" data-id=\"703992f\" data-element_type=\"widget\" data-widget_type=\"shortcode.default\">\n\t\t\t\t<div class=\"elementor-widget-container\">\n\t\t\t\t\t<div class=\"elementor-shortcode\"><div class=\"elementor_g1\">\r\n<div class=\"\">\r\n\r\n\t\r\n\t<div class=\"gallery_items drag_mouse\">\r\n\t\t<div class=\"\">\r\n\t\t\t<div class=\"vin_gallery\">\r\n\t\t\t\t\t\t\t\t\t\t\t\t\t\t\t\t\t\t\t<a href=\"https:\/\/efesmoldova.md\/wp-content\/uploads\/2023\/10\/CR6_7500-1.jpg\">\r\n\t\t\t\t\t\t\t<img decoding=\"async\" src=\"https:\/\/efesmoldova.md\/wp-content\/uploads\/2023\/10\/CR6_7500-1.jpg\" alt=\"\" \/>\r\n\t\t\t\t\t\t<\/a>\r\n\t\t\t\t\t\t<!--<p><\/p>-->\r\n\t\t\t\t\t\t\t\t\t\t\t<a href=\"https:\/\/efesmoldova.md\/wp-content\/uploads\/2023\/10\/DSC_8764-1.jpg\">\r\n\t\t\t\t\t\t\t<img decoding=\"async\" src=\"https:\/\/efesmoldova.md\/wp-content\/uploads\/2023\/10\/DSC_8764-1.jpg\" alt=\"\" \/>\r\n\t\t\t\t\t\t<\/a>\r\n\t\t\t\t\t\t<!--<p><\/p>-->\r\n\t\t\t\t\t\t\t\t\t\t\t<a href=\"https:\/\/efesmoldova.md\/wp-content\/uploads\/2023\/10\/L9A6701-1.png\">\r\n\t\t\t\t\t\t\t<img decoding=\"async\" src=\"https:\/\/efesmoldova.md\/wp-content\/uploads\/2023\/10\/L9A6701-1.png\" alt=\"\" \/>\r\n\t\t\t\t\t\t<\/a>\r\n\t\t\t\t\t\t<!--<p><\/p>-->\r\n\t\t\t\t\t\t\t\t\t\t\t<a href=\"https:\/\/efesmoldova.md\/wp-content\/uploads\/2023\/10\/L9A6719-1.png\">\r\n\t\t\t\t\t\t\t<img decoding=\"async\" src=\"https:\/\/efesmoldova.md\/wp-content\/uploads\/2023\/10\/L9A6719-1.png\" alt=\"\" \/>\r\n\t\t\t\t\t\t<\/a>\r\n\t\t\t\t\t\t<!--<p><\/p>-->\r\n\t\t\t\t\t\t\t\t\t\t\t<a href=\"https:\/\/efesmoldova.md\/wp-content\/uploads\/2023\/10\/L9A6766-1.png\">\r\n\t\t\t\t\t\t\t<img decoding=\"async\" src=\"https:\/\/efesmoldova.md\/wp-content\/uploads\/2023\/10\/L9A6766-1.png\" alt=\"\" \/>\r\n\t\t\t\t\t\t<\/a>\r\n\t\t\t\t\t\t<!--<p><\/p>-->\r\n\t\t\t\t\t\t\t\t\t\t\t<a href=\"https:\/\/efesmoldova.md\/wp-content\/uploads\/2023\/10\/L9A6774-1.png\">\r\n\t\t\t\t\t\t\t<img decoding=\"async\" src=\"https:\/\/efesmoldova.md\/wp-content\/uploads\/2023\/10\/L9A6774-1.png\" alt=\"\" \/>\r\n\t\t\t\t\t\t<\/a>\r\n\t\t\t\t\t\t<!--<p><\/p>-->\r\n\t\t\t\t\t\t\t\t\t\t\t<a href=\"https:\/\/efesmoldova.md\/wp-content\/uploads\/2023\/10\/L9A6845-1.png\">\r\n\t\t\t\t\t\t\t<img decoding=\"async\" src=\"https:\/\/efesmoldova.md\/wp-content\/uploads\/2023\/10\/L9A6845-1.png\" alt=\"\" \/>\r\n\t\t\t\t\t\t<\/a>\r\n\t\t\t\t\t\t<!--<p><\/p>-->\r\n\t\t\t\t\t\t\t\t\t\t\t<a href=\"https:\/\/efesmoldova.md\/wp-content\/uploads\/2023\/10\/L9A6889-1.png\">\r\n\t\t\t\t\t\t\t<img decoding=\"async\" src=\"https:\/\/efesmoldova.md\/wp-content\/uploads\/2023\/10\/L9A6889-1.png\" alt=\"\" \/>\r\n\t\t\t\t\t\t<\/a>\r\n\t\t\t\t\t\t<!--<p><\/p>-->\r\n\t\t\t\t\t\t\t\t\t\t\t<a href=\"https:\/\/efesmoldova.md\/wp-content\/uploads\/2023\/10\/L9A6918-1.png\">\r\n\t\t\t\t\t\t\t<img decoding=\"async\" src=\"https:\/\/efesmoldova.md\/wp-content\/uploads\/2023\/10\/L9A6918-1-683x1024.png\" alt=\"\" \/>\r\n\t\t\t\t\t\t<\/a>\r\n\t\t\t\t\t\t<!--<p><\/p>-->\r\n\t\t\t\t\t\t\t\t\t\t\t<a href=\"https:\/\/efesmoldova.md\/wp-content\/uploads\/2023\/10\/L9A6925-1.png\">\r\n\t\t\t\t\t\t\t<img decoding=\"async\" src=\"https:\/\/efesmoldova.md\/wp-content\/uploads\/2023\/10\/L9A6925-1.png\" alt=\"\" \/>\r\n\t\t\t\t\t\t<\/a>\r\n\t\t\t\t\t\t<!--<p><\/p>-->\r\n\t\t\t\t\t\t\t\t\t\t\t<a href=\"https:\/\/efesmoldova.md\/wp-content\/uploads\/2023\/10\/L9A6966-1.png\">\r\n\t\t\t\t\t\t\t<img decoding=\"async\" src=\"https:\/\/efesmoldova.md\/wp-content\/uploads\/2023\/10\/L9A6966-1.png\" alt=\"\" \/>\r\n\t\t\t\t\t\t<\/a>\r\n\t\t\t\t\t\t<!--<p><\/p>-->\r\n\t\t\t\t\t\t\t\t\t\t\t\t<\/div>\r\n\t\t\t<div class=\"progress\" role=\"progressbar\" aria-valuemin=\"0\" aria-valuemax=\"100\">\r\n\t\t\t\t<span class=\"slider__label sr-only\">\r\n\t\t\t<\/div>\r\n\t\t\t<div class=\"ext\">\r\n\t\t\t\t<div class=\"container_block\">\r\n\t\t\t\t<p>GLISEAZ\u0102<\/p>\r\n\t\t\t\t<\/div>\r\n\t\t\t<\/div>\r\n\t\t<\/div>\r\n\t<\/div>\r\n\t\r\n<script>\r\nvar $ = jQuery.noConflict();\r\n\r\n$(document).ready(function() {\r\n\r\n  var $slider2 = $('.vin_gallery');\r\n  var $progressBar = $('.progress');\r\n  var $progressBarLabel = $( '.slider__label' );\r\n\r\n  $slider2.on('beforeChange', function(event, slick, currentSlide, nextSlide) {\r\n    var calc = ( (nextSlide) \/ (slick.slideCount-1) ) * 100;\r\n\r\n    $progressBar\r\n      .css('background-size', calc + '% 100%')\r\n      .attr('aria-valuenow', calc );\r\n\r\n    $progressBarLabel.text( calc + '% completed' );\r\n  });\r\n\r\n  $slider2.slick({\r\n    dots: false,\r\n    infinite: true,\r\n    arrows: true,\r\n    centerMode: true,\r\n    centerPadding: '0%',\r\n    autoplay: true,\r\n    speed: 800,\r\n    autoplaySpeed: 4000,\r\n    slidesToShow: 3,\r\n    slidesToScroll: -1,\r\n    swipeToSlide: true,\r\n    adaptiveHeight: true,\r\n    responsive: [\r\n      {\r\n        breakpoint: 1024,\r\n        settings: {\r\n          slidesToShow: 1,\r\n          arrows: true,\r\n          centerPadding: '0%',\r\n          centerMode: false,\r\n          speed: 500,\r\n        }\r\n      }\r\n    ]\r\n  });\r\n\r\n  if ( $(window).width() > 1024 && 0 ) {\r\n    $slider2.on('wheel', (function(e) {\r\n      e.preventDefault();\r\n\r\n      if (e.originalEvent.deltaY > 0) {\r\n        $(this).slick('slickNext');\r\n      } else {\r\n        $(this).slick('slickPrev');\r\n      }\r\n\r\n    }));\r\n  }\r\n\r\n  \/\/ Initialize Slick Lightbox\r\n\r\n  $slider2.slickLightbox({\r\n    source: 'data-lightbox-image', \/\/ Attribute containing image URL\r\n    \/\/caption: 'data-lightbox-caption', \/\/ Attribute containing caption text\r\n    counter: true, \/\/ Show counter indicating current and total image count\r\n  });\r\n});\r\n<\/script>\r\n\t\r\n<\/div>\r\n<\/div><\/div>\n\t\t\t\t<\/div>\n\t\t\t\t<\/div>\n\t\t\t\t\t<\/div>\n\t\t<\/div>\n\t\t\t\t\t\t\t<\/div>\n\t\t<\/section>\n\t\t\t\t\t\t\t<\/div>","protected":false},"excerpt":{"rendered":"<p>Hai s\u0103 ne cunoa\u0219tem mai aproape. Ne vedem la \u201eTurul Berii\u201d Dac\u0103 vrei s\u0103 afli mai multe despre prima fabric\u0103 de bere din Chi\u0219in\u0103u, s\u0103 cuno\u0219ti cum se face berea \u0219i s\u0103 participi la o degustare unic\u0103, vino la Turul Berii Chi\u0219in\u0103u! Ce te a\u0219teapt\u0103 \u00een Turul Berii Chi\u0219in\u0103u? Vei cunoa\u0219te istoria berii \u0219i a [&hellip;]<\/p>","protected":false},"author":1,"featured_media":0,"parent":0,"menu_order":0,"comment_status":"closed","ping_status":"closed","template":"vin-o-la-turul-berii.php","meta":{"om_disable_all_campaigns":false,"_monsterinsights_skip_tracking":false,"_monsterinsights_sitenote_active":false,"_monsterinsights_sitenote_note":"","_monsterinsights_sitenote_category":0},"acf":[],"aioseo_notices":[],"_links":{"self":[{"href":"https:\/\/efesmoldova.md\/en\/wp-json\/wp\/v2\/pages\/19"}],"collection":[{"href":"https:\/\/efesmoldova.md\/en\/wp-json\/wp\/v2\/pages"}],"about":[{"href":"https:\/\/efesmoldova.md\/en\/wp-json\/wp\/v2\/types\/page"}],"author":[{"embeddable":true,"href":"https:\/\/efesmoldova.md\/en\/wp-json\/wp\/v2\/users\/1"}],"replies":[{"embeddable":true,"href":"https:\/\/efesmoldova.md\/en\/wp-json\/wp\/v2\/comments?post=19"}],"version-history":[{"count":0,"href":"https:\/\/efesmoldova.md\/en\/wp-json\/wp\/v2\/pages\/19\/revisions"}],"wp:attachment":[{"href":"https:\/\/efesmoldova.md\/en\/wp-json\/wp\/v2\/media?parent=19"}],"curies":[{"name":"wp","href":"https:\/\/api.w.org\/{rel}","templated":true}]}}